{"id":1615,"date":"2026-01-06T09:36:07","date_gmt":"2026-01-06T12:36:07","guid":{"rendered":"https:\/\/yamadabrasil.progride.com.br\/?page_id=1615"},"modified":"2026-02-25T23:14:35","modified_gmt":"2026-02-26T02:14:35","slug":"iniciativas","status":"publish","type":"page","link":"https:\/\/yamadabrasil.progride.com.br\/ja\/iniciativas\/","title":{"rendered":"\u53d6\u308a\u7d44\u307f"},"content":{"rendered":"<div data-elementor-type=\"wp-page\" data-elementor-id=\"1615\" class=\"elementor elementor-1615\" data-elementor-post-type=\"page\">\n\t\t\t\t<div class=\"elementor-element elementor-element-f9fb16a elementor-hidden-tablet elementor-hidden-mobile e-flex e-con-boxed e-con e-parent\" data-id=\"f9fb16a\" data-element_type=\"container\" data-e-type=\"container\">\n\t\t\t\t\t<div class=\"e-con-inner\">\n\t\t<div class=\"elementor-element elementor-element-aec7d31 e-con-full e-flex e-con e-child\" data-id=\"aec7d31\" data-element_type=\"container\" data-e-type=\"container\">\n\t\t\t\t<div class=\"elementor-element elementor-element-940484a elementor-widget__width-inherit elementor-widget elementor-widget-heading\" data-id=\"940484a\" data-element_type=\"widget\" data-e-type=\"widget\" data-widget_type=\"heading.default\">\n\t\t\t\t<div class=\"elementor-widget-container\">\n\t\t\t\t\t<h2 class=\"elementor-heading-title elementor-size-default\">\u53d6\u308a\u7d44\u307f<\/h2>\t\t\t\t<\/div>\n\t\t\t\t<\/div>\n\t\t\t\t<div class=\"elementor-element elementor-element-4bdc827 elementor-widget__width-inherit elementor-widget elementor-widget-text-editor\" data-id=\"4bdc827\" data-element_type=\"widget\" data-e-type=\"widget\" data-widget_type=\"text-editor.default\">\n\t\t\t\t<div class=\"elementor-widget-container\">\n\t\t\t\t\t\t\t\t\t<p>\u4eba\u6750\u3001\u7d44\u7e54\u6587\u5316\u3001\u6301\u7d9a\u53ef\u80fd\u6027\u306a\u3089\u3073\u306b\u591a\u69d8\u6027\u3001\u305d\u3057\u3066\u793e\u5185\u306e\u9023\u643a\u5f37\u5316\u306b\u5bfe\u3059\u308b\u53d6\u308a\u7d44\u307f\u3068\u3057\u3066\u3001\u4f53\u7cfb\u7684\u306a\u65bd\u7b56\u3092\u63a8\u9032\u3057\u3066\u304a\u308a\u307e\u3059<\/p><p>\u3053\u308c\u3089\u306e\u65bd\u7b56\u306f\u6226\u7565\u7684\u306a\u67f1\u306e\u3082\u3068\u306b\u4f53\u7cfb\u5316\u3055\u308c\u3066\u304a\u308a\u3001\u4eba\u6750\u80b2\u6210\u3001\u5f93\u696d\u54e1\u30a8\u30f3\u30b2\u30fc\u30b8\u30e1\u30f3\u30c8\u306e\u5411\u4e0a\u306a\u3089\u3073\u306b\u5065\u5168\u3067\u5354\u50cd\u7684\u304b\u3064\u6301\u7d9a\u53ef\u80fd\u306a\u8077\u5834\u74b0\u5883\u306e\u69cb\u7bc9\u3092\u63a8\u9032\u3057\u3066\u304a\u308a\u307e\u3059<\/p>\t\t\t\t\t\t\t\t<\/div>\n\t\t\t\t<\/div>\n\t\t\t\t<div class=\"elementor-element elementor-element-ab2f734 elementor-align-center interativo elementor-widget elementor-widget-button\" data-id=\"ab2f734\" data-element_type=\"widget\" data-e-type=\"widget\" data-widget_type=\"button.default\">\n\t\t\t\t<div class=\"elementor-widget-container\">\n\t\t\t\t\t\t\t\t\t<div class=\"elementor-button-wrapper\">\n\t\t\t\t\t<a class=\"elementor-button elementor-button-link elementor-size-sm\" href=\"#\">\n\t\t\t\t\t\t<span class=\"elementor-button-content-wrapper\">\n\t\t\t\t\t\t\t\t\t<span class=\"elementor-button-text\">\u5404\u30a2\u30a4\u30b3\u30f3\u3092\u30af\u30ea\u30c3\u30af\u3059\u308b\u3068\u3001\u8a73\u7d30\u3092\u3054\u78ba\u8a8d\u3044\u305f\u3060\u3051\u307e\u3059<\/span>\n\t\t\t\t\t<\/span>\n\t\t\t\t\t<\/a>\n\t\t\t\t<\/div>\n\t\t\t\t\t\t\t\t<\/div>\n\t\t\t\t<\/div>\n\t\t\t\t<\/div>\n\t\t<div class=\"elementor-element elementor-element-d2c65b0 e-con-full e-flex e-con e-child\" data-id=\"d2c65b0\" data-element_type=\"container\" data-e-type=\"container\">\n\t\t\t\t<div class=\"elementor-element elementor-element-05d4ea6 elementor-widget__width-initial elementor-widget elementor-widget-image\" data-id=\"05d4ea6\" data-element_type=\"widget\" data-e-type=\"widget\" data-widget_type=\"image.default\">\n\t\t\t\t<div class=\"elementor-widget-container\">\n\t\t\t\t\t\t\t\t\t\t\t\t\t\t\t\t<a href=\"#elementor-action%3Aaction%3Dpopup%3Aopen%26settings%3DeyJpZCI6IjE4MjQiLCJ0b2dnbGUiOmZhbHNlfQ%3D%3D\">\n\t\t\t\t\t\t\t<img fetchpriority=\"high\" decoding=\"async\" width=\"511\" height=\"488\" src=\"https:\/\/yamadabrasil.progride.com.br\/wp-content\/uploads\/2026\/01\/3-1.png\" class=\"attachment-full size-full wp-image-1794\" alt=\"\" srcset=\"https:\/\/yamadabrasil.progride.com.br\/wp-content\/uploads\/2026\/01\/3-1.png 511w, https:\/\/yamadabrasil.progride.com.br\/wp-content\/uploads\/2026\/01\/3-1-300x286.png 300w, https:\/\/yamadabrasil.progride.com.br\/wp-content\/uploads\/2026\/01\/3-1-13x12.png 13w\" sizes=\"(max-width: 511px) 100vw, 511px\" \/>\t\t\t\t\t\t\t\t<\/a>\n\t\t\t\t\t\t\t\t\t\t\t\t\t\t\t<\/div>\n\t\t\t\t<\/div>\n\t\t\t\t<div class=\"elementor-element elementor-element-41626a9 elementor-widget__width-initial elementor-widget elementor-widget-image\" data-id=\"41626a9\" data-element_type=\"widget\" data-e-type=\"widget\" data-widget_type=\"image.default\">\n\t\t\t\t<div class=\"elementor-widget-container\">\n\t\t\t\t\t\t\t\t\t\t\t\t\t\t\t\t<a href=\"#elementor-action%3Aaction%3Dpopup%3Aopen%26settings%3DeyJpZCI6IjE4MTMiLCJ0b2dnbGUiOmZhbHNlfQ%3D%3D\">\n\t\t\t\t\t\t\t<img decoding=\"async\" width=\"500\" height=\"500\" src=\"https:\/\/yamadabrasil.progride.com.br\/wp-content\/uploads\/2026\/01\/3-3.png\" class=\"attachment-full size-full wp-image-1839\" alt=\"\" srcset=\"https:\/\/yamadabrasil.progride.com.br\/wp-content\/uploads\/2026\/01\/3-3.png 500w, https:\/\/yamadabrasil.progride.com.br\/wp-content\/uploads\/2026\/01\/3-3-300x300.png 300w, https:\/\/yamadabrasil.progride.com.br\/wp-content\/uploads\/2026\/01\/3-3-150x150.png 150w, https:\/\/yamadabrasil.progride.com.br\/wp-content\/uploads\/2026\/01\/3-3-12x12.png 12w\" sizes=\"(max-width: 500px) 100vw, 500px\" \/>\t\t\t\t\t\t\t\t<\/a>\n\t\t\t\t\t\t\t\t\t\t\t\t\t\t\t<\/div>\n\t\t\t\t<\/div>\n\t\t\t\t<div class=\"elementor-element elementor-element-f89f009 elementor-widget__width-initial elementor-widget elementor-widget-image\" data-id=\"f89f009\" data-element_type=\"widget\" data-e-type=\"widget\" data-widget_type=\"image.default\">\n\t\t\t\t<div class=\"elementor-widget-container\">\n\t\t\t\t\t\t\t\t\t\t\t\t\t\t\t\t<a href=\"#elementor-action%3Aaction%3Dpopup%3Aopen%26settings%3DeyJpZCI6IjE4MDMiLCJ0b2dnbGUiOmZhbHNlfQ%3D%3D\">\n\t\t\t\t\t\t\t<img decoding=\"async\" width=\"500\" height=\"500\" src=\"https:\/\/yamadabrasil.progride.com.br\/wp-content\/uploads\/2026\/01\/1-3.png\" class=\"attachment-full size-full wp-image-1837\" alt=\"\" srcset=\"https:\/\/yamadabrasil.progride.com.br\/wp-content\/uploads\/2026\/01\/1-3.png 500w, https:\/\/yamadabrasil.progride.com.br\/wp-content\/uploads\/2026\/01\/1-3-300x300.png 300w, https:\/\/yamadabrasil.progride.com.br\/wp-content\/uploads\/2026\/01\/1-3-150x150.png 150w, https:\/\/yamadabrasil.progride.com.br\/wp-content\/uploads\/2026\/01\/1-3-12x12.png 12w\" sizes=\"(max-width: 500px) 100vw, 500px\" \/>\t\t\t\t\t\t\t\t<\/a>\n\t\t\t\t\t\t\t\t\t\t\t\t\t\t\t<\/div>\n\t\t\t\t<\/div>\n\t\t\t\t<div class=\"elementor-element elementor-element-a9c8d45 elementor-widget__width-initial elementor-widget elementor-widget-image\" data-id=\"a9c8d45\" data-element_type=\"widget\" data-e-type=\"widget\" data-widget_type=\"image.default\">\n\t\t\t\t<div class=\"elementor-widget-container\">\n\t\t\t\t\t\t\t\t\t\t\t\t\t\t\t\t<a href=\"#elementor-action%3Aaction%3Dpopup%3Aopen%26settings%3DeyJpZCI6IjE4MTgiLCJ0b2dnbGUiOmZhbHNlfQ%3D%3D\">\n\t\t\t\t\t\t\t<img loading=\"lazy\" decoding=\"async\" width=\"500\" height=\"500\" src=\"https:\/\/yamadabrasil.progride.com.br\/wp-content\/uploads\/2026\/01\/2-3.png\" class=\"attachment-full size-full wp-image-1838\" alt=\"\" srcset=\"https:\/\/yamadabrasil.progride.com.br\/wp-content\/uploads\/2026\/01\/2-3.png 500w, https:\/\/yamadabrasil.progride.com.br\/wp-content\/uploads\/2026\/01\/2-3-300x300.png 300w, https:\/\/yamadabrasil.progride.com.br\/wp-content\/uploads\/2026\/01\/2-3-150x150.png 150w, https:\/\/yamadabrasil.progride.com.br\/wp-content\/uploads\/2026\/01\/2-3-12x12.png 12w\" sizes=\"(max-width: 500px) 100vw, 500px\" \/>\t\t\t\t\t\t\t\t<\/a>\n\t\t\t\t\t\t\t\t\t\t\t\t\t\t\t<\/div>\n\t\t\t\t<\/div>\n\t\t\t\t<\/div>\n\t\t\t\t\t<\/div>\n\t\t\t\t<\/div>\n\t\t<div class=\"elementor-element elementor-element-a01c970 e-con-full elementor-hidden-desktop e-flex e-con e-parent\" data-id=\"a01c970\" data-element_type=\"container\" data-e-type=\"container\">\n\t\t<div class=\"elementor-element elementor-element-7d1c5d4 e-con-full e-flex e-con e-child\" data-id=\"7d1c5d4\" data-element_type=\"container\" data-e-type=\"container\" data-settings=\"{&quot;background_background&quot;:&quot;classic&quot;}\">\n\t\t\t\t<div class=\"elementor-element elementor-element-2eb2936 elementor-widget__width-inherit elementor-widget elementor-widget-heading\" data-id=\"2eb2936\" data-element_type=\"widget\" data-e-type=\"widget\" data-widget_type=\"heading.default\">\n\t\t\t\t<div class=\"elementor-widget-container\">\n\t\t\t\t\t<h2 class=\"elementor-heading-title elementor-size-default\">\u53d6\u308a\u7d44\u307f<\/h2>\t\t\t\t<\/div>\n\t\t\t\t<\/div>\n\t\t\t\t<div class=\"elementor-element elementor-element-5c28b45 elementor-widget__width-inherit elementor-widget elementor-widget-text-editor\" data-id=\"5c28b45\" data-element_type=\"widget\" data-e-type=\"widget\" data-widget_type=\"text-editor.default\">\n\t\t\t\t<div class=\"elementor-widget-container\">\n\t\t\t\t\t\t\t\t\t<p>\u4eba\u6750\u3001\u7d44\u7e54\u6587\u5316\u3001\u6301\u7d9a\u53ef\u80fd\u6027\u306a\u3089\u3073\u306b\u591a\u69d8\u6027\u3001\u305d\u3057\u3066\u793e\u5185\u306e\u9023\u643a\u5f37\u5316\u306b\u5bfe\u3059\u308b\u53d6\u308a\u7d44\u307f\u3068\u3057\u3066\u3001\u4f53\u7cfb\u7684\u306a\u65bd\u7b56\u3092\u63a8\u9032\u3057\u3066\u304a\u308a\u307e\u3059<\/p><p>\u3053\u308c\u3089\u306e\u65bd\u7b56\u306f\u6226\u7565\u7684\u306a\u67f1\u306e\u3082\u3068\u306b\u4f53\u7cfb\u5316\u3055\u308c\u3066\u304a\u308a\u3001\u4eba\u6750\u80b2\u6210\u3001\u5f93\u696d\u54e1\u30a8\u30f3\u30b2\u30fc\u30b8\u30e1\u30f3\u30c8\u306e\u5411\u4e0a\u306a\u3089\u3073\u306b\u5065\u5168\u3067\u5354\u50cd\u7684\u304b\u3064\u6301\u7d9a\u53ef\u80fd\u306a\u8077\u5834\u74b0\u5883\u306e\u69cb\u7bc9\u3092\u63a8\u9032\u3057\u3066\u304a\u308a\u307e\u3059<\/p>\t\t\t\t\t\t\t\t<\/div>\n\t\t\t\t<\/div>\n\t\t\t\t<div class=\"elementor-element elementor-element-4b2e823 elementor-align-center interativo elementor-widget-mobile__width-initial elementor-widget elementor-widget-button\" data-id=\"4b2e823\" data-element_type=\"widget\" data-e-type=\"widget\" data-widget_type=\"button.default\">\n\t\t\t\t<div class=\"elementor-widget-container\">\n\t\t\t\t\t\t\t\t\t<div class=\"elementor-button-wrapper\">\n\t\t\t\t\t<a class=\"elementor-button elementor-button-link elementor-size-sm\" href=\"#\">\n\t\t\t\t\t\t<span class=\"elementor-button-content-wrapper\">\n\t\t\t\t\t\t\t\t\t<span class=\"elementor-button-text\">\u5404\u30a2\u30a4\u30b3\u30f3\u3092\u30af\u30ea\u30c3\u30af\u3059\u308b\u3068\u3001\u8a73\u7d30\u3092\u3054\u78ba\u8a8d\u3044\u305f\u3060\u3051\u307e\u3059<\/span>\n\t\t\t\t\t<\/span>\n\t\t\t\t\t<\/a>\n\t\t\t\t<\/div>\n\t\t\t\t\t\t\t\t<\/div>\n\t\t\t\t<\/div>\n\t\t\t\t<\/div>\n\t\t<div class=\"elementor-element elementor-element-9f9b735 e-con-full e-flex e-con e-child\" data-id=\"9f9b735\" data-element_type=\"container\" data-e-type=\"container\">\n\t\t<div class=\"elementor-element elementor-element-b114fd0 e-con-full e-flex e-con e-child\" data-id=\"b114fd0\" data-element_type=\"container\" data-e-type=\"container\">\n\t\t\t\t<div class=\"elementor-element elementor-element-756eb57 elementor-widget__width-initial elementor-widget elementor-widget-image\" data-id=\"756eb57\" data-element_type=\"widget\" data-e-type=\"widget\" data-widget_type=\"image.default\">\n\t\t\t\t<div class=\"elementor-widget-container\">\n\t\t\t\t\t\t\t\t\t\t\t\t\t\t\t\t<a href=\"#elementor-action%3Aaction%3Dpopup%3Aopen%26settings%3DeyJpZCI6IjE4MTMiLCJ0b2dnbGUiOmZhbHNlfQ%3D%3D\">\n\t\t\t\t\t\t\t<img decoding=\"async\" width=\"500\" height=\"500\" src=\"https:\/\/yamadabrasil.progride.com.br\/wp-content\/uploads\/2026\/01\/3-3.png\" class=\"attachment-full size-full wp-image-1839\" alt=\"\" srcset=\"https:\/\/yamadabrasil.progride.com.br\/wp-content\/uploads\/2026\/01\/3-3.png 500w, https:\/\/yamadabrasil.progride.com.br\/wp-content\/uploads\/2026\/01\/3-3-300x300.png 300w, https:\/\/yamadabrasil.progride.com.br\/wp-content\/uploads\/2026\/01\/3-3-150x150.png 150w, https:\/\/yamadabrasil.progride.com.br\/wp-content\/uploads\/2026\/01\/3-3-12x12.png 12w\" sizes=\"(max-width: 500px) 100vw, 500px\" \/>\t\t\t\t\t\t\t\t<\/a>\n\t\t\t\t\t\t\t\t\t\t\t\t\t\t\t<\/div>\n\t\t\t\t<\/div>\n\t\t\t\t<div class=\"elementor-element elementor-element-ce22b3e elementor-widget__width-initial elementor-widget elementor-widget-image\" data-id=\"ce22b3e\" data-element_type=\"widget\" data-e-type=\"widget\" data-widget_type=\"image.default\">\n\t\t\t\t<div class=\"elementor-widget-container\">\n\t\t\t\t\t\t\t\t\t\t\t\t\t\t\t\t<a href=\"#elementor-action%3Aaction%3Dpopup%3Aopen%26settings%3DeyJpZCI6IjE4MjQiLCJ0b2dnbGUiOmZhbHNlfQ%3D%3D\">\n\t\t\t\t\t\t\t<img loading=\"lazy\" decoding=\"async\" width=\"500\" height=\"500\" src=\"https:\/\/yamadabrasil.progride.com.br\/wp-content\/uploads\/2026\/02\/Design_sem_nome-removebg-preview.png\" class=\"attachment-full size-full wp-image-3347\" alt=\"\" srcset=\"https:\/\/yamadabrasil.progride.com.br\/wp-content\/uploads\/2026\/02\/Design_sem_nome-removebg-preview.png 500w, https:\/\/yamadabrasil.progride.com.br\/wp-content\/uploads\/2026\/02\/Design_sem_nome-removebg-preview-300x300.png 300w, https:\/\/yamadabrasil.progride.com.br\/wp-content\/uploads\/2026\/02\/Design_sem_nome-removebg-preview-150x150.png 150w\" sizes=\"(max-width: 500px) 100vw, 500px\" \/>\t\t\t\t\t\t\t\t<\/a>\n\t\t\t\t\t\t\t\t\t\t\t\t\t\t\t<\/div>\n\t\t\t\t<\/div>\n\t\t\t\t<\/div>\n\t\t<div class=\"elementor-element elementor-element-68828a2 e-con-full e-flex e-con e-child\" data-id=\"68828a2\" data-element_type=\"container\" data-e-type=\"container\">\n\t\t\t\t<div class=\"elementor-element elementor-element-4c43314 elementor-widget__width-initial elementor-widget elementor-widget-image\" data-id=\"4c43314\" data-element_type=\"widget\" data-e-type=\"widget\" data-widget_type=\"image.default\">\n\t\t\t\t<div class=\"elementor-widget-container\">\n\t\t\t\t\t\t\t\t\t\t\t\t\t\t\t\t<a href=\"#elementor-action%3Aaction%3Dpopup%3Aopen%26settings%3DeyJpZCI6IjE4MTgiLCJ0b2dnbGUiOmZhbHNlfQ%3D%3D\">\n\t\t\t\t\t\t\t<img loading=\"lazy\" decoding=\"async\" width=\"500\" height=\"500\" src=\"https:\/\/yamadabrasil.progride.com.br\/wp-content\/uploads\/2026\/01\/2-3.png\" class=\"attachment-full size-full wp-image-1838\" alt=\"\" srcset=\"https:\/\/yamadabrasil.progride.com.br\/wp-content\/uploads\/2026\/01\/2-3.png 500w, https:\/\/yamadabrasil.progride.com.br\/wp-content\/uploads\/2026\/01\/2-3-300x300.png 300w, https:\/\/yamadabrasil.progride.com.br\/wp-content\/uploads\/2026\/01\/2-3-150x150.png 150w, https:\/\/yamadabrasil.progride.com.br\/wp-content\/uploads\/2026\/01\/2-3-12x12.png 12w\" sizes=\"(max-width: 500px) 100vw, 500px\" \/>\t\t\t\t\t\t\t\t<\/a>\n\t\t\t\t\t\t\t\t\t\t\t\t\t\t\t<\/div>\n\t\t\t\t<\/div>\n\t\t\t\t<div class=\"elementor-element elementor-element-0caa1ac elementor-widget__width-initial elementor-widget elementor-widget-image\" data-id=\"0caa1ac\" data-element_type=\"widget\" data-e-type=\"widget\" data-widget_type=\"image.default\">\n\t\t\t\t<div class=\"elementor-widget-container\">\n\t\t\t\t\t\t\t\t\t\t\t\t\t\t\t\t<a href=\"#elementor-action%3Aaction%3Dpopup%3Aopen%26settings%3DeyJpZCI6IjE4MDMiLCJ0b2dnbGUiOmZhbHNlfQ%3D%3D\">\n\t\t\t\t\t\t\t<img decoding=\"async\" width=\"500\" height=\"500\" src=\"https:\/\/yamadabrasil.progride.com.br\/wp-content\/uploads\/2026\/01\/1-3.png\" class=\"attachment-full size-full wp-image-1837\" alt=\"\" srcset=\"https:\/\/yamadabrasil.progride.com.br\/wp-content\/uploads\/2026\/01\/1-3.png 500w, https:\/\/yamadabrasil.progride.com.br\/wp-content\/uploads\/2026\/01\/1-3-300x300.png 300w, https:\/\/yamadabrasil.progride.com.br\/wp-content\/uploads\/2026\/01\/1-3-150x150.png 150w, https:\/\/yamadabrasil.progride.com.br\/wp-content\/uploads\/2026\/01\/1-3-12x12.png 12w\" sizes=\"(max-width: 500px) 100vw, 500px\" \/>\t\t\t\t\t\t\t\t<\/a>\n\t\t\t\t\t\t\t\t\t\t\t\t\t\t\t<\/div>\n\t\t\t\t<\/div>\n\t\t\t\t<\/div>\n\t\t\t\t<\/div>\n\t\t\t\t<\/div>\n\t\t\t\t<\/div>","protected":false},"excerpt":{"rendered":"<p>Iniciativa A Yamada Brasil desenvolve um conjunto de iniciativas estruturadas que refletem seu compromisso com as pessoas, a cultura organizacional, a sustentabilidade, a diversidade e o fortalecimento dos v\u00ednculos internos. Essas a\u00e7\u00f5es est\u00e3o organizadas em pilares estrat\u00e9gicos, que orientam o desenvolvimento humano, o engajamento e a constru\u00e7\u00e3o de um ambiente de trabalho saud\u00e1vel, colaborativo e sustent\u00e1vel. \u00cdcones interativos \u2014 clique para mais detalhes Iniciativa A Yamada Brasil desenvolve um conjunto de iniciativas estruturadas que refletem seu compromisso com as pessoas, a cultura organizacional, a sustentabilidade, a diversidade e o fortalecimento dos v\u00ednculos internos. Essas a\u00e7\u00f5es est\u00e3o organizadas em pilares estrat\u00e9gicos, que orientam o desenvolvimento humano, o engajamento e a constru\u00e7\u00e3o [&hellip;]<\/p>\n","protected":false},"author":1,"featured_media":0,"parent":0,"menu_order":0,"comment_status":"closed","ping_status":"closed","template":"","meta":{"footnotes":""},"class_list":["post-1615","page","type-page","status-publish","hentry","entry"],"_links":{"self":[{"href":"https:\/\/yamadabrasil.progride.com.br\/ja\/wp-json\/wp\/v2\/pages\/1615","targetHints":{"allow":["GET"]}}],"collection":[{"href":"https:\/\/yamadabrasil.progride.com.br\/ja\/wp-json\/wp\/v2\/pages"}],"about":[{"href":"https:\/\/yamadabrasil.progride.com.br\/ja\/wp-json\/wp\/v2\/types\/page"}],"author":[{"embeddable":true,"href":"https:\/\/yamadabrasil.progride.com.br\/ja\/wp-json\/wp\/v2\/users\/1"}],"replies":[{"embeddable":true,"href":"https:\/\/yamadabrasil.progride.com.br\/ja\/wp-json\/wp\/v2\/comments?post=1615"}],"version-history":[{"count":397,"href":"https:\/\/yamadabrasil.progride.com.br\/ja\/wp-json\/wp\/v2\/pages\/1615\/revisions"}],"predecessor-version":[{"id":3356,"href":"https:\/\/yamadabrasil.progride.com.br\/ja\/wp-json\/wp\/v2\/pages\/1615\/revisions\/3356"}],"wp:attachment":[{"href":"https:\/\/yamadabrasil.progride.com.br\/ja\/wp-json\/wp\/v2\/media?parent=1615"}],"curies":[{"name":"wp","href":"https:\/\/api.w.org\/{rel}","templated":true}]}}